{"id":30,"date":"2012-07-11T09:31:02","date_gmt":"2012-07-11T09:31:02","guid":{"rendered":"https:\/\/fiorellafiore.it\/?page_id=30"},"modified":"2017-10-18T14:27:15","modified_gmt":"2017-10-18T14:27:15","slug":"biografia","status":"publish","type":"page","link":"https:\/\/fiorellafiore.it\/","title":{"rendered":"Biografia"},"content":{"rendered":"<p style=\"text-align: justify;\"><a href=\"https:\/\/fiorellafiore.it\/wp-content\/uploads\/2012\/07\/Foto-bionda.jpg\"><img loading=\"lazy\" decoding=\"async\" class=\"alignright size-medium wp-image-143\" src=\"https:\/\/fiorellafiore.it\/wp-content\/uploads\/2012\/07\/Foto-bionda-199x300.jpg\" alt=\"Fiorella Fiore\" width=\"199\" height=\"300\" srcset=\"https:\/\/fiorellafiore.it\/wp-content\/uploads\/2012\/07\/Foto-bionda-199x300.jpg 199w, https:\/\/fiorellafiore.it\/wp-content\/uploads\/2012\/07\/Foto-bionda.jpg 533w\" sizes=\"auto, (max-width: 199px) 100vw, 199px\" \/><\/a>Fiorella Fiore, nasce e vive a Roma.<br \/>\nSposata con un figlio giornalista sportivo.<br \/>\nFormatasi presso il Liceo Artistico di I Sezione a Roma, ho conseguito la Laurea in Scenografia, vecchio ordinamento, Accademia di Belle Arti di Roma e successivamente, sempre presso l\u2019Accademia di Belle Arti, la laurea in Decorazione.<br \/>\nDAMS a Bologna, Facolt\u00e0 di Lettere e Filosofia, con ripresa degli studi presso la Facolt\u00e0 di Sociologia \u2013 Universit\u00e0 \u201cLa Sapienza\u201d di Roma.<\/p>\n<p style=\"text-align: justify;\">Attualmente lavora, quale Funzionario, presso il Ministero dell&#8217;economia e delle finanze \u2013 Ufficio Contenzioso del Lavoro.<\/p>\n<p style=\"text-align: justify;\">Nel tempo, si \u00e8 dedicata, oltre alla ricerca in campo pittorico, anche alla scrittura di racconti e poesie, partecipando, con risultati soddisfacenti, a diversi premi letterari anche internazionali.<\/p>\n<p style=\"text-align: justify;\">Proveniente da un lavoro di rigorosa astrazione costruttivista, sceglie ora fili di ferro e corde, chiodi e filo spinato, catene, carte e pagine di giornali, smalti e spray, e foto \u201cricostruite\u201d e \u201cristrutturate\u201d, per iniziare un percorso differente che la porta ad unire l\u2019aspetto etico a quello estetico.<br \/>\nEd \u00e8 da qui che lei formula il titolo del suo nuovo ciclo:<\/p>\n<p style=\"text-align: justify;\"><strong>Legami.<\/strong><br \/>\nQuesto termine presenta un consistente spessore psicologico svelando un\u2019ambivalenza di senso e di ambiti. Legame \u00e8 ci\u00f2 che ti costringe o che ti unisce, ci\u00f2 che ti imprigiona comunque, sia se si consideri il termine in ambito sociale, sia se si consideri in ambito familiare; il primo frutto di una costrizione e di una limitazione intenzionale ed oggettiva, l\u2019altro frutto volontario di una scelta individuale.<\/p>\n","protected":false},"excerpt":{"rendered":"<p>Fiorella Fiore, nasce e vive a Roma. Sposata con un figlio giornalista sportivo. Formatasi presso il Liceo Artistico di I Sezione a Roma, ho conseguito la Laurea in Scenografia, vecchio ordinamento, Accademia di Belle Arti di Roma e successivamente, sempre &hellip; <a href=\"https:\/\/fiorellafiore.it\/\">Continua a leggere<span class=\"meta-nav\">&rarr;<\/span><\/a><\/p>\n","protected":false},"author":3,"featured_media":0,"parent":0,"menu_order":0,"comment_status":"closed","ping_status":"closed","template":"","meta":{"ngg_post_thumbnail":0,"footnotes":""},"class_list":["post-30","page","type-page","status-publish","hentry"],"_links":{"self":[{"href":"https:\/\/fiorellafiore.it\/index.php?rest_route=\/wp\/v2\/pages\/30","targetHints":{"allow":["GET"]}}],"collection":[{"href":"https:\/\/fiorellafiore.it\/index.php?rest_route=\/wp\/v2\/pages"}],"about":[{"href":"https:\/\/fiorellafiore.it\/index.php?rest_route=\/wp\/v2\/types\/page"}],"author":[{"embeddable":true,"href":"https:\/\/fiorellafiore.it\/index.php?rest_route=\/wp\/v2\/users\/3"}],"replies":[{"embeddable":true,"href":"https:\/\/fiorellafiore.it\/index.php?rest_route=%2Fwp%2Fv2%2Fcomments&post=30"}],"version-history":[{"count":7,"href":"https:\/\/fiorellafiore.it\/index.php?rest_route=\/wp\/v2\/pages\/30\/revisions"}],"predecessor-version":[{"id":187,"href":"https:\/\/fiorellafiore.it\/index.php?rest_route=\/wp\/v2\/pages\/30\/revisions\/187"}],"wp:attachment":[{"href":"https:\/\/fiorellafiore.it\/index.php?rest_route=%2Fwp%2Fv2%2Fmedia&parent=30"}],"curies":[{"name":"wp","href":"https:\/\/api.w.org\/{rel}","templated":true}]}}